{"id":50,"date":"2021-03-09T20:23:17","date_gmt":"2021-03-09T19:23:17","guid":{"rendered":"http:\/\/l8.wil.pk.edu.pl\/?page_id=50"},"modified":"2023-10-13T06:59:30","modified_gmt":"2023-10-13T04:59:30","slug":"katedra","status":"publish","type":"page","link":"https:\/\/l8.wil.pk.edu.pl\/?page_id=50","title":{"rendered":"Kontakt"},"content":{"rendered":"\n<pre class=\"wp-block-preformatted\"><strong>Katedra Mechaniki Budowli i Materia\u0142\u00f3w <\/strong>\nWydzia\u0142 In\u017cynierii L\u0105dowej \nPolitechnika Krakowska im. Tadeusza Ko\u015bciuszki\n\n<strong>Sekretariat:<\/strong>\nul. Warszawska 24\n31-155 Krak\u00f3w\nBudynek G\u0142\u00f3wny PK III pi\u0119tro pok. 322 i 325\n\n<strong>Dane kontaktowe:<\/strong>\ntel. +48 12 6282340 lub +48 12 6282388\ne-mail: l-8@pk.edu.pl<\/pre>\n","protected":false},"excerpt":{"rendered":"<p>Katedra Mechaniki Budowli i Materia\u0142\u00f3w Wydzia\u0142 In\u017cynierii L\u0105dowej Politechnika Krakowska im. Tadeusza Ko\u015bciuszki Sekretariat: ul. Warszawska 24 31-155 Krak\u00f3w Budynek G\u0142\u00f3wny PK III pi\u0119tro pok. 322 i 325 Dane kontaktowe: tel. +48 12 6282340 lub +48 12 6282388 e-mail: l-8@pk.edu.pl<\/p>\n","protected":false},"author":1,"featured_media":0,"parent":0,"menu_order":0,"comment_status":"closed","ping_status":"closed","template":"","meta":{"footnotes":""},"class_list":["post-50","page","type-page","status-publish","hentry"],"_links":{"self":[{"href":"https:\/\/l8.wil.pk.edu.pl\/index.php?rest_route=\/wp\/v2\/pages\/50","targetHints":{"allow":["GET"]}}],"collection":[{"href":"https:\/\/l8.wil.pk.edu.pl\/index.php?rest_route=\/wp\/v2\/pages"}],"about":[{"href":"https:\/\/l8.wil.pk.edu.pl\/index.php?rest_route=\/wp\/v2\/types\/page"}],"author":[{"embeddable":true,"href":"https:\/\/l8.wil.pk.edu.pl\/index.php?rest_route=\/wp\/v2\/users\/1"}],"replies":[{"embeddable":true,"href":"https:\/\/l8.wil.pk.edu.pl\/index.php?rest_route=%2Fwp%2Fv2%2Fcomments&post=50"}],"version-history":[{"count":9,"href":"https:\/\/l8.wil.pk.edu.pl\/index.php?rest_route=\/wp\/v2\/pages\/50\/revisions"}],"predecessor-version":[{"id":431,"href":"https:\/\/l8.wil.pk.edu.pl\/index.php?rest_route=\/wp\/v2\/pages\/50\/revisions\/431"}],"wp:attachment":[{"href":"https:\/\/l8.wil.pk.edu.pl\/index.php?rest_route=%2Fwp%2Fv2%2Fmedia&parent=50"}],"curies":[{"name":"wp","href":"https:\/\/api.w.org\/{rel}","templated":true}]}}