{"id":47,"date":"2021-03-09T20:20:21","date_gmt":"2021-03-09T19:20:21","guid":{"rendered":"http:\/\/l8.wil.pk.edu.pl\/?page_id=47"},"modified":"2025-10-08T11:52:41","modified_gmt":"2025-10-08T09:52:41","slug":"o-nas","status":"publish","type":"page","link":"https:\/\/l8.wil.pk.edu.pl\/","title":{"rendered":"O nas"},"content":{"rendered":"\n<p id=\"block-937b12fd-c0b7-4776-8d27-c263ecc3956a\">Katedra Mechaniki Budowli i Materia\u0142\u00f3w jest cz\u0119\u015bci\u0105 <a rel=\"noreferrer noopener\" href=\"http:\/\/www.pk.edu.pl\" target=\"_blank\">Politechniki Krakowskiej (PK)<\/a> oraz jedn\u0105 z jednostek organizacyjnych <a rel=\"noreferrer noopener\" href=\"http:\/\/wil.pk.edu.pl\" target=\"_blank\">Wydzia\u0142u In\u017cynierii L\u0105dowej<\/a>. Ulokowana jest przy ulicy Warszawskiej 24 w budynku g\u0142\u00f3wnym PK, na trzecim pi\u0119trze.<\/p>\n\n\n\n<hr class=\"wp-block-separator has-alpha-channel-opacity\"\/>\n\n\n\n<h1 class=\"wp-block-heading has-text-align-center\"><strong>Aktualno\u015bci<\/strong><\/h1>\n\n\n\n<p class=\"has-text-align-center\"><strong>III termin egzaminu z Mechaniki budowli I<\/strong> odb\u0119dzie si\u0119 <strong>13 pa\u017adziernika w godz. 9:00-11:15, p. 330.<\/strong><\/p>\n\n\n\n<p class=\"has-text-align-center\"><strong>III termin egzaminu z Mechaniki Budowli II <\/strong> odb\u0119dzie si\u0119 w dniu <strong>10.10.2025 r. o godz. 9:15 w sali 302.<\/strong><\/p>\n\n\n\n<p class=\"has-text-align-center\"><strong><a href=\"https:\/\/l9.wil.pk.edu.pl\/konferencja-big\/\" target=\"_blank\" rel=\"noreferrer noopener\">VII KONFERENCJA NAUKOWA BUDOWNICTWO \u2013 INFRASTRUKTURA \u2013 G\u00d3RNICTWO<\/a><\/strong><\/p>\n\n\n\n<p class=\"has-text-align-center has-cyan-bluish-gray-color has-text-color has-link-color wp-elements-f1a2b5e35bf4c117923c7ff4657c469f\"><strong>EGZAMIN Z MECHANIKI BUDOWLI II<\/strong><br>18.06 (\u015broda) \u2013 godz. 8:00-10:30; Dzia\u0142ownia 1\/7 i 1\/9<br>23.06 (poniedzia\u0142ek) \u2013 zapoznanie z pracami; godz. 09:00-14:00, s. 311, ewentualnie s. 404 (z uwagi na trwaj\u0105cy remont na III p.)<\/p>\n\n\n\n<p class=\"has-text-align-center has-cyan-bluish-gray-color has-text-color has-link-color wp-elements-0084c9efdb8e098e7b445120af9c382c\">Sesja poprawkowa<br>01.09 (poniedzia\u0142ek) \u2013 godz. 8:00-10:30; Dzia\u0142ownia 1\/7 i 1\/9<br>01.09 (poniedzia\u0142ek) \u2013 zapoznanie z pracami; godz. 12:00-13:00, s. 16<br>(Budynek dydaktyczno-laboratoryjny Wydzia\u0142u In\u017cynierii L\u0105dowej. W-13, obok<br>Budynku Wydzia\u0142u In\u017cynierii i Technologii Chemicznej)<\/p>\n\n\n\n<p class=\"has-text-align-center\"><\/p>\n\n\n\n<p class=\"has-text-align-center has-cyan-bluish-gray-color has-text-color has-link-color wp-elements-bb42967cbeac91218d387e3939e859f5\"><strong>III TERMIN KOLOKWIUM Z MECHANIKI BUDOWLI I<\/strong><br>10 marca 2025 godz. 16:15 sala 404<\/p>\n\n\n\n<p class=\"has-text-align-center has-cyan-bluish-gray-color has-text-color has-link-color wp-elements-1cd26181177aa3427450f4e318ae6e65\"><strong>Kolokwium poprawkowe z przedmiotu Mechanika Budowli I<\/strong><br>odb\u0119dzie si\u0119 17.01.2025 (pi\u0105tek) godzina 12:45-15:00 sala: 201 i 302<\/p>\n\n\n\n<p class=\"has-text-align-center has-cyan-bluish-gray-color has-text-color has-link-color wp-elements-8465fc9aa70feda887bfd54d3d49b641\"><strong>EGZAMIN Z DYNAMIKI BUDOWLI<\/strong><br>29.01 (\u015broda) \u2013 godz. 8:00-10:30; sale: 201, 406<br>30.01 (czwartek)\u2013 godz. 9:00-15:00, s. 311<br>Sesja poprawkowa<br>12.02 (\u015broda) &#8211; godz. 8:00-10:30; sale: 201, 406<br>13.02 (czwartek) &#8211; godz. 9:00-15:00, s. 311<\/p>\n\n\n\n<p class=\"has-text-align-center has-cyan-bluish-gray-color has-text-color has-link-color wp-elements-5efad66160485d02400c49c9569afcbe\"><strong>EGZAMIN Z MECHANIKI BUDOWLI I<\/strong><br>28.01(wtorek) \u2013 godz. 8:00-10:30; sale: 201,402, 406,<br>Dzia\u0142ownia<br>29.01 (\u015broda) \u2013 godz. 11:00-15:00, s. 311<br>Sesja poprawkowa<br>11.02 (wtorek) \u2013 godz. 8:00-10:30; sale: 201, 406<br>12.02 (\u015broda) \u2013 godz. 11:00-15:00, s. 311<\/p>\n\n\n\n<p><\/p>\n\n\n\n<p class=\"has-text-align-center\">Podczas XXXI Miedzynarodowej Konferencji Naukowo technicznej, kt\u00f3ra odby\u0142a si\u0119 w dniach 20-24 maja 2024 w Mi\u0119dzyzdrojach,<\/p>\n\n\n\n<p class=\"has-text-align-center\"><strong>prof. Tadeusz Tatara otrzyma\u0142 medal im. Prof. Romana Ciesielskiego. <\/strong><\/p>\n\n\n\n<p class=\"has-text-align-center\">Gratulujemy.<\/p>\n\n\n\n<figure class=\"wp-block-image size-full\"><img loading=\"lazy\" decoding=\"async\" width=\"1024\" height=\"1024\" src=\"https:\/\/l8.wil.pk.edu.pl\/wp-content\/uploads\/2024\/06\/20240627_094243.jpg\" alt=\"\" class=\"wp-image-498\" srcset=\"https:\/\/l8.wil.pk.edu.pl\/wp-content\/uploads\/2024\/06\/20240627_094243.jpg 1024w, https:\/\/l8.wil.pk.edu.pl\/wp-content\/uploads\/2024\/06\/20240627_094243-300x300.jpg 300w, https:\/\/l8.wil.pk.edu.pl\/wp-content\/uploads\/2024\/06\/20240627_094243-150x150.jpg 150w, https:\/\/l8.wil.pk.edu.pl\/wp-content\/uploads\/2024\/06\/20240627_094243-768x768.jpg 768w, https:\/\/l8.wil.pk.edu.pl\/wp-content\/uploads\/2024\/06\/20240627_094243-100x100.jpg 100w\" sizes=\"auto, (max-width: 767px) 89vw, (max-width: 1000px) 54vw, (max-width: 1071px) 543px, 580px\" \/><\/figure>\n\n\n\n<p class=\"has-text-align-center\"><\/p>\n\n\n\n<p class=\"has-text-align-center\"><a href=\"http:\/\/l8.wil.pk.edu.pl\/pdf\/sympozjum16\" target=\"_blank\" rel=\"noreferrer noopener\">16th International Symposium on Human-Induced Vibrations and Seismic Influences on Structures on 15-18 May 2024<\/a><\/p>\n\n\n\n<p class=\"has-text-align-center\"><strong>Kolokwium z MB1 odb\u0119dzie si\u0119 w nast\u0119puj\u0105cych terminach:<\/strong><\/p>\n\n\n\n<p class=\"has-text-align-center\"><strong>I termin<\/strong> kolokwium odb\u0119dzie si\u0119 dnia 04.06.2024 (wtorek) godzina 18:00-20:15.<br><strong>II termin<\/strong> kolokwium odb\u0119dzie si\u0119 dnia 11.06.2024 (wtorek) godzina 18:00-20:15.<\/p>\n\n\n\n<p class=\"has-text-align-center\">Zarezerwowane sale (i proponowany rozk\u0142ad grup)<\/p>\n\n\n\n<ul class=\"wp-block-list\">\n<li>201(g\u0107 01 + po\u0142owa 04)<\/li>\n\n\n\n<li>302 (g\u0107 02 + 08)<\/li>\n\n\n\n<li>406 (g\u0107 03 + po\u0142owa 04)<\/li>\n\n\n\n<li>Dzia\u0142ownia 1\/7 (g\u0107 05 + po\u0142owa 06)<\/li>\n\n\n\n<li>Dzia\u0142ownia 1\/9 (g\u0107 07 + po\u0142owa 06)<\/li>\n<\/ul>\n\n\n\n<p class=\"has-text-align-center\"><strong>Informacja dla student\u00f3w wywieszona jest r\u00f3wnie\u017c w gablocie na 3 pi\u0119trze.<\/strong><\/p>\n","protected":false},"excerpt":{"rendered":"<p>Katedra Mechaniki Budowli i Materia\u0142\u00f3w jest cz\u0119\u015bci\u0105 Politechniki Krakowskiej (PK) oraz jedn\u0105 z jednostek organizacyjnych Wydzia\u0142u In\u017cynierii L\u0105dowej. Ulokowana jest przy ulicy Warszawskiej 24 w budynku g\u0142\u00f3wnym PK, na trzecim pi\u0119trze. Aktualno\u015bci III termin egzaminu z Mechaniki budowli I odb\u0119dzie si\u0119 13 pa\u017adziernika w godz. 9:00-11:15, p. 330. III termin egzaminu z Mechaniki Budowli II &hellip; <\/p>\n<p class=\"link-more\"><a href=\"https:\/\/l8.wil.pk.edu.pl\/\" class=\"more-link\">Czytaj dalej<span class=\"screen-reader-text\"> \u201eO nas\u201d<\/span><\/a><\/p>\n","protected":false},"author":1,"featured_media":0,"parent":0,"menu_order":0,"comment_status":"closed","ping_status":"closed","template":"","meta":{"footnotes":""},"class_list":["post-47","page","type-page","status-publish","hentry"],"_links":{"self":[{"href":"https:\/\/l8.wil.pk.edu.pl\/index.php?rest_route=\/wp\/v2\/pages\/47","targetHints":{"allow":["GET"]}}],"collection":[{"href":"https:\/\/l8.wil.pk.edu.pl\/index.php?rest_route=\/wp\/v2\/pages"}],"about":[{"href":"https:\/\/l8.wil.pk.edu.pl\/index.php?rest_route=\/wp\/v2\/types\/page"}],"author":[{"embeddable":true,"href":"https:\/\/l8.wil.pk.edu.pl\/index.php?rest_route=\/wp\/v2\/users\/1"}],"replies":[{"embeddable":true,"href":"https:\/\/l8.wil.pk.edu.pl\/index.php?rest_route=%2Fwp%2Fv2%2Fcomments&post=47"}],"version-history":[{"count":29,"href":"https:\/\/l8.wil.pk.edu.pl\/index.php?rest_route=\/wp\/v2\/pages\/47\/revisions"}],"predecessor-version":[{"id":614,"href":"https:\/\/l8.wil.pk.edu.pl\/index.php?rest_route=\/wp\/v2\/pages\/47\/revisions\/614"}],"wp:attachment":[{"href":"https:\/\/l8.wil.pk.edu.pl\/index.php?rest_route=%2Fwp%2Fv2%2Fmedia&parent=47"}],"curies":[{"name":"wp","href":"https:\/\/api.w.org\/{rel}","templated":true}]}}