{"id":373,"date":"2022-12-06T09:37:14","date_gmt":"2022-12-06T08:37:14","guid":{"rendered":"https:\/\/l8.wil.pk.edu.pl\/?page_id=373"},"modified":"2022-12-06T09:37:14","modified_gmt":"2022-12-06T08:37:14","slug":"kolo-naukowe","status":"publish","type":"page","link":"https:\/\/l8.wil.pk.edu.pl\/?page_id=373","title":{"rendered":"Ko\u0142o naukowe"},"content":{"rendered":"\n<p class=\"has-text-align-center\"><strong>Poni\u017cej znajduje si\u0119 link do strony Studenckiego Ko\u0142a Naukowego Mechaniki Budowli.<\/strong><\/p>\n\n\n\n<p class=\"has-text-align-center\"><strong><u><a href=\"http:\/\/sknmb.pk.edu.pl\/\" target=\"_blank\" rel=\"noreferrer noopener\">http:\/\/sknmb.pk.edu.pl\/<\/a><\/u><\/strong><\/p>\n\n\n\n<p class=\"has-text-align-center\"><strong>W ramach Ko\u0142a przewiduje si\u0119 wycieczki fakultatywne oraz praktyczne zaj\u0119cia w Living lab.<\/strong><\/p>\n\n\n\n<p><\/p>\n","protected":false},"excerpt":{"rendered":"<p>Poni\u017cej znajduje si\u0119 link do strony Studenckiego Ko\u0142a Naukowego Mechaniki Budowli. http:\/\/sknmb.pk.edu.pl\/ W ramach Ko\u0142a przewiduje si\u0119 wycieczki fakultatywne oraz praktyczne zaj\u0119cia w Living lab.<\/p>\n","protected":false},"author":1,"featured_media":0,"parent":0,"menu_order":0,"comment_status":"closed","ping_status":"closed","template":"","meta":{"footnotes":""},"class_list":["post-373","page","type-page","status-publish","hentry"],"_links":{"self":[{"href":"https:\/\/l8.wil.pk.edu.pl\/index.php?rest_route=\/wp\/v2\/pages\/373","targetHints":{"allow":["GET"]}}],"collection":[{"href":"https:\/\/l8.wil.pk.edu.pl\/index.php?rest_route=\/wp\/v2\/pages"}],"about":[{"href":"https:\/\/l8.wil.pk.edu.pl\/index.php?rest_route=\/wp\/v2\/types\/page"}],"author":[{"embeddable":true,"href":"https:\/\/l8.wil.pk.edu.pl\/index.php?rest_route=\/wp\/v2\/users\/1"}],"replies":[{"embeddable":true,"href":"https:\/\/l8.wil.pk.edu.pl\/index.php?rest_route=%2Fwp%2Fv2%2Fcomments&post=373"}],"version-history":[{"count":1,"href":"https:\/\/l8.wil.pk.edu.pl\/index.php?rest_route=\/wp\/v2\/pages\/373\/revisions"}],"predecessor-version":[{"id":374,"href":"https:\/\/l8.wil.pk.edu.pl\/index.php?rest_route=\/wp\/v2\/pages\/373\/revisions\/374"}],"wp:attachment":[{"href":"https:\/\/l8.wil.pk.edu.pl\/index.php?rest_route=%2Fwp%2Fv2%2Fmedia&parent=373"}],"curies":[{"name":"wp","href":"https:\/\/api.w.org\/{rel}","templated":true}]}}