{"id":154,"date":"2021-03-13T13:33:10","date_gmt":"2021-03-13T12:33:10","guid":{"rendered":"http:\/\/l8.wil.pk.edu.pl\/?page_id=154"},"modified":"2021-03-16T12:52:52","modified_gmt":"2021-03-16T11:52:52","slug":"inne","status":"publish","type":"page","link":"https:\/\/l8.wil.pk.edu.pl\/?page_id=154","title":{"rendered":"Inne"},"content":{"rendered":"\n<p>Powstanie pierwszej na Politechnice Krakowskiej sp\u00f3\u0142ki typu Spin Off: FlexAndRobust Systems Sp. z o.o., ul. Warszawska 24, 31-155 Krak\u00f3w (prezes: dr hab. in\u017c. Arkadiusz Kwiecie\u0144, prof. PK)<\/p>\n","protected":false},"excerpt":{"rendered":"<p>Powstanie pierwszej na Politechnice Krakowskiej sp\u00f3\u0142ki typu Spin Off: FlexAndRobust Systems Sp. z o.o., ul. Warszawska 24, 31-155 Krak\u00f3w (prezes: dr hab. in\u017c. Arkadiusz Kwiecie\u0144, prof. PK)<\/p>\n","protected":false},"author":1,"featured_media":0,"parent":0,"menu_order":0,"comment_status":"closed","ping_status":"closed","template":"","meta":{"footnotes":""},"class_list":["post-154","page","type-page","status-publish","hentry"],"_links":{"self":[{"href":"https:\/\/l8.wil.pk.edu.pl\/index.php?rest_route=\/wp\/v2\/pages\/154","targetHints":{"allow":["GET"]}}],"collection":[{"href":"https:\/\/l8.wil.pk.edu.pl\/index.php?rest_route=\/wp\/v2\/pages"}],"about":[{"href":"https:\/\/l8.wil.pk.edu.pl\/index.php?rest_route=\/wp\/v2\/types\/page"}],"author":[{"embeddable":true,"href":"https:\/\/l8.wil.pk.edu.pl\/index.php?rest_route=\/wp\/v2\/users\/1"}],"replies":[{"embeddable":true,"href":"https:\/\/l8.wil.pk.edu.pl\/index.php?rest_route=%2Fwp%2Fv2%2Fcomments&post=154"}],"version-history":[{"count":2,"href":"https:\/\/l8.wil.pk.edu.pl\/index.php?rest_route=\/wp\/v2\/pages\/154\/revisions"}],"predecessor-version":[{"id":174,"href":"https:\/\/l8.wil.pk.edu.pl\/index.php?rest_route=\/wp\/v2\/pages\/154\/revisions\/174"}],"wp:attachment":[{"href":"https:\/\/l8.wil.pk.edu.pl\/index.php?rest_route=%2Fwp%2Fv2%2Fmedia&parent=154"}],"curies":[{"name":"wp","href":"https:\/\/api.w.org\/{rel}","templated":true}]}}