{"id":152,"date":"2021-03-13T13:32:23","date_gmt":"2021-03-13T12:32:23","guid":{"rendered":"http:\/\/l8.wil.pk.edu.pl\/?page_id=152"},"modified":"2021-03-13T13:32:23","modified_gmt":"2021-03-13T12:32:23","slug":"wybrane-nagrody-i-wyroznienia","status":"publish","type":"page","link":"https:\/\/l8.wil.pk.edu.pl\/?page_id=152","title":{"rendered":"Wybrane nagrody i wyr\u00f3\u017cnienia"},"content":{"rendered":"\n<ul class=\"wp-block-list\"><li>Nagroda IV Wydzia\u0142u PAN za cykl publikacji Polimerowe Z\u0142\u0105cza Podatne dla dr hab. in\u017c. Arkadiusza Kwietnia <\/li><li>Wyr\u00f3\u017cnienie honorowe specjalne za wieloletni\u0105 aktywn\u0105 wsp\u00f3\u0142prac\u0119 z redakcj\u0105 &#8222;In\u017cynierii i Budownictwa&#8221; dla prof. Tadeusza Tatary <\/li><li>Wyr\u00f3\u017cnienie w konkursie autorskim artyku\u0142\u00f3w wyr\u00f3\u017cniaj\u0105cych si\u0119 uj\u0119ciem tematyki i przydatno\u015bci\u0105 praktyczn\u0105, opublikowanych na \u0142amach czasopisma &#8222;In\u017cynieria i Budownictwo&#8221; dla prof. Tadeusza Tatary <\/li><li>Specjalna nagroda PZITB (2012) dla prof. Tadeusza Tatary<\/li><li>Statuetka \u201eErnest\u201d dla prof. Krzysztofa Stypu\u0142y przyznana w dow\u00f3d uznania przez Stowarzyszenie In\u017cynier\u00f3w i Technik\u00f3w Komunikacji Rzeczpospolitej Polskiej <\/li><li>Nagroda \u201eBuildera\u201d dla prof. Krzysztofa Stypu\u0142y za dzia\u0142alno\u015b\u0107 badawcz\u0105 w zakresie projektowania obiekt\u00f3w z uwzgl\u0119dnieniem wp\u0142yw\u00f3w drga\u0144.<\/li><\/ul>\n","protected":false},"excerpt":{"rendered":"<p>Nagroda IV Wydzia\u0142u PAN za cykl publikacji Polimerowe Z\u0142\u0105cza Podatne dla dr hab. in\u017c. Arkadiusza Kwietnia Wyr\u00f3\u017cnienie honorowe specjalne za wieloletni\u0105 aktywn\u0105 wsp\u00f3\u0142prac\u0119 z redakcj\u0105 &#8222;In\u017cynierii i Budownictwa&#8221; dla prof. Tadeusza Tatary Wyr\u00f3\u017cnienie w konkursie autorskim artyku\u0142\u00f3w wyr\u00f3\u017cniaj\u0105cych si\u0119 uj\u0119ciem tematyki i przydatno\u015bci\u0105 praktyczn\u0105, opublikowanych na \u0142amach czasopisma &#8222;In\u017cynieria i Budownictwo&#8221; dla prof. Tadeusza Tatary &hellip; <\/p>\n<p class=\"link-more\"><a href=\"https:\/\/l8.wil.pk.edu.pl\/?page_id=152\" class=\"more-link\">Czytaj dalej<span class=\"screen-reader-text\"> \u201eWybrane nagrody i wyr\u00f3\u017cnienia\u201d<\/span><\/a><\/p>\n","protected":false},"author":1,"featured_media":0,"parent":0,"menu_order":0,"comment_status":"closed","ping_status":"closed","template":"","meta":{"footnotes":""},"class_list":["post-152","page","type-page","status-publish","hentry"],"_links":{"self":[{"href":"https:\/\/l8.wil.pk.edu.pl\/index.php?rest_route=\/wp\/v2\/pages\/152","targetHints":{"allow":["GET"]}}],"collection":[{"href":"https:\/\/l8.wil.pk.edu.pl\/index.php?rest_route=\/wp\/v2\/pages"}],"about":[{"href":"https:\/\/l8.wil.pk.edu.pl\/index.php?rest_route=\/wp\/v2\/types\/page"}],"author":[{"embeddable":true,"href":"https:\/\/l8.wil.pk.edu.pl\/index.php?rest_route=\/wp\/v2\/users\/1"}],"replies":[{"embeddable":true,"href":"https:\/\/l8.wil.pk.edu.pl\/index.php?rest_route=%2Fwp%2Fv2%2Fcomments&post=152"}],"version-history":[{"count":1,"href":"https:\/\/l8.wil.pk.edu.pl\/index.php?rest_route=\/wp\/v2\/pages\/152\/revisions"}],"predecessor-version":[{"id":153,"href":"https:\/\/l8.wil.pk.edu.pl\/index.php?rest_route=\/wp\/v2\/pages\/152\/revisions\/153"}],"wp:attachment":[{"href":"https:\/\/l8.wil.pk.edu.pl\/index.php?rest_route=%2Fwp%2Fv2%2Fmedia&parent=152"}],"curies":[{"name":"wp","href":"https:\/\/api.w.org\/{rel}","templated":true}]}}