{"id":150,"date":"2021-03-13T13:29:48","date_gmt":"2021-03-13T12:29:48","guid":{"rendered":"http:\/\/l8.wil.pk.edu.pl\/?page_id=150"},"modified":"2021-03-13T13:29:48","modified_gmt":"2021-03-13T12:29:48","slug":"wybrane-prace-dla-przemyslu","status":"publish","type":"page","link":"https:\/\/l8.wil.pk.edu.pl\/?page_id=150","title":{"rendered":"Wybrane prace dla przemys\u0142u"},"content":{"rendered":"\n<ul class=\"wp-block-list\"><li>System monitoringu wp\u0142ywu drga\u0144 na budynki i ludzi w nich przebywaj\u0105cych znajduj\u0105cych si\u0119 w zakresie strefy wp\u0142yw\u00f3w dynamicznych II linii Metra w Warszawie,<\/li><li>Udzia\u0142 w projekcie podziemnego dworca \u0141\u00f3d\u017a Fabryczna,<\/li><li>Udzia\u0142 w realizacji Zadania Inwestycyjnego na wykonanie tunelu kolejowego pomi\u0119dzy stacjami \u0141\u00f3d\u017a Fabryczna i \u0141\u00f3d\u017a Kaliska\/\u0141\u00f3d\u017a \u017babieniec wraz z niezb\u0119dn\u0105 infrastruktur\u0105 podziemn\u0105 oraz przystankami i komorami rozjazdowymi,<\/li><li>Udzia\u0142 w przebudowie ul. Mogilskiej w Krakowie i projekt wibroizolacji,<\/li><li>Analizy wp\u0142ywu drga\u0144 i obci\u0105\u017ce\u0144 dynamicznych na budynki i ludzi z okre\u015bleniem parametr\u00f3w materia\u0142owych nawierzchni kolejowej i cech technicznych materia\u0142\u00f3w wibroizolacyjnych, na odcinkach I i II linii metra.<\/li><\/ul>\n","protected":false},"excerpt":{"rendered":"<p>System monitoringu wp\u0142ywu drga\u0144 na budynki i ludzi w nich przebywaj\u0105cych znajduj\u0105cych si\u0119 w zakresie strefy wp\u0142yw\u00f3w dynamicznych II linii Metra w Warszawie, Udzia\u0142 w projekcie podziemnego dworca \u0141\u00f3d\u017a Fabryczna, Udzia\u0142 w realizacji Zadania Inwestycyjnego na wykonanie tunelu kolejowego pomi\u0119dzy stacjami \u0141\u00f3d\u017a Fabryczna i \u0141\u00f3d\u017a Kaliska\/\u0141\u00f3d\u017a \u017babieniec wraz z niezb\u0119dn\u0105 infrastruktur\u0105 podziemn\u0105 oraz przystankami i &hellip; <\/p>\n<p class=\"link-more\"><a href=\"https:\/\/l8.wil.pk.edu.pl\/?page_id=150\" class=\"more-link\">Czytaj dalej<span class=\"screen-reader-text\"> \u201eWybrane prace dla przemys\u0142u\u201d<\/span><\/a><\/p>\n","protected":false},"author":1,"featured_media":0,"parent":0,"menu_order":0,"comment_status":"closed","ping_status":"closed","template":"","meta":{"footnotes":""},"class_list":["post-150","page","type-page","status-publish","hentry"],"_links":{"self":[{"href":"https:\/\/l8.wil.pk.edu.pl\/index.php?rest_route=\/wp\/v2\/pages\/150","targetHints":{"allow":["GET"]}}],"collection":[{"href":"https:\/\/l8.wil.pk.edu.pl\/index.php?rest_route=\/wp\/v2\/pages"}],"about":[{"href":"https:\/\/l8.wil.pk.edu.pl\/index.php?rest_route=\/wp\/v2\/types\/page"}],"author":[{"embeddable":true,"href":"https:\/\/l8.wil.pk.edu.pl\/index.php?rest_route=\/wp\/v2\/users\/1"}],"replies":[{"embeddable":true,"href":"https:\/\/l8.wil.pk.edu.pl\/index.php?rest_route=%2Fwp%2Fv2%2Fcomments&post=150"}],"version-history":[{"count":1,"href":"https:\/\/l8.wil.pk.edu.pl\/index.php?rest_route=\/wp\/v2\/pages\/150\/revisions"}],"predecessor-version":[{"id":151,"href":"https:\/\/l8.wil.pk.edu.pl\/index.php?rest_route=\/wp\/v2\/pages\/150\/revisions\/151"}],"wp:attachment":[{"href":"https:\/\/l8.wil.pk.edu.pl\/index.php?rest_route=%2Fwp%2Fv2%2Fmedia&parent=150"}],"curies":[{"name":"wp","href":"https:\/\/api.w.org\/{rel}","templated":true}]}}