{"id":148,"date":"2021-03-13T13:28:12","date_gmt":"2021-03-13T12:28:12","guid":{"rendered":"http:\/\/l8.wil.pk.edu.pl\/?page_id=148"},"modified":"2021-03-16T12:51:28","modified_gmt":"2021-03-16T11:51:28","slug":"organizacja-konferencji-naukowych","status":"publish","type":"page","link":"https:\/\/l8.wil.pk.edu.pl\/?page_id=148","title":{"rendered":"Organizacja konferencji naukowych"},"content":{"rendered":"\n<p>Organizacja konferencji naukowych o zasi\u0119gu mi\u0119dzynarodowym, og\u00f3lnokrajowym oraz przygotowanie wniosk\u00f3w grantowych w ramach programu operacyjnego POIR &#8211; m.in. <\/p>\n\n\n\n<p>Problemy Komunikacji Podziemnej w Krakowie \u20132015; <\/p>\n\n\n\n<p>In\u017cynieryjne problemy odnowy staromiejskich zespo\u0142\u00f3w zabytkowych -Rew-In\u017c. -2015; <\/p>\n\n\n\n<p>Konferencja Naukowa Budownictwo Infrastruktura G\u00f3rnictwo \u2013od 2015 w cyklu rocznym; 2016, 2017 i 2018; <\/p>\n\n\n\n<p>Sympozjum Wp\u0142ywy Sejsmiczne i Parasejsmiczne na Budowle \u2013od 1978 w cyklu 3 letnim.<\/p>\n","protected":false},"excerpt":{"rendered":"<p>Organizacja konferencji naukowych o zasi\u0119gu mi\u0119dzynarodowym, og\u00f3lnokrajowym oraz przygotowanie wniosk\u00f3w grantowych w ramach programu operacyjnego POIR &#8211; m.in. Problemy Komunikacji Podziemnej w Krakowie \u20132015; In\u017cynieryjne problemy odnowy staromiejskich zespo\u0142\u00f3w zabytkowych -Rew-In\u017c. -2015; Konferencja Naukowa Budownictwo Infrastruktura G\u00f3rnictwo \u2013od 2015 w cyklu rocznym; 2016, 2017 i 2018; Sympozjum Wp\u0142ywy Sejsmiczne i Parasejsmiczne na Budowle \u2013od 1978 &hellip; <\/p>\n<p class=\"link-more\"><a href=\"https:\/\/l8.wil.pk.edu.pl\/?page_id=148\" class=\"more-link\">Czytaj dalej<span class=\"screen-reader-text\"> \u201eOrganizacja konferencji naukowych\u201d<\/span><\/a><\/p>\n","protected":false},"author":1,"featured_media":0,"parent":0,"menu_order":0,"comment_status":"closed","ping_status":"closed","template":"","meta":{"footnotes":""},"class_list":["post-148","page","type-page","status-publish","hentry"],"_links":{"self":[{"href":"https:\/\/l8.wil.pk.edu.pl\/index.php?rest_route=\/wp\/v2\/pages\/148","targetHints":{"allow":["GET"]}}],"collection":[{"href":"https:\/\/l8.wil.pk.edu.pl\/index.php?rest_route=\/wp\/v2\/pages"}],"about":[{"href":"https:\/\/l8.wil.pk.edu.pl\/index.php?rest_route=\/wp\/v2\/types\/page"}],"author":[{"embeddable":true,"href":"https:\/\/l8.wil.pk.edu.pl\/index.php?rest_route=\/wp\/v2\/users\/1"}],"replies":[{"embeddable":true,"href":"https:\/\/l8.wil.pk.edu.pl\/index.php?rest_route=%2Fwp%2Fv2%2Fcomments&post=148"}],"version-history":[{"count":3,"href":"https:\/\/l8.wil.pk.edu.pl\/index.php?rest_route=\/wp\/v2\/pages\/148\/revisions"}],"predecessor-version":[{"id":173,"href":"https:\/\/l8.wil.pk.edu.pl\/index.php?rest_route=\/wp\/v2\/pages\/148\/revisions\/173"}],"wp:attachment":[{"href":"https:\/\/l8.wil.pk.edu.pl\/index.php?rest_route=%2Fwp%2Fv2%2Fmedia&parent=148"}],"curies":[{"name":"wp","href":"https:\/\/api.w.org\/{rel}","templated":true}]}}