{"id":146,"date":"2021-03-13T13:27:10","date_gmt":"2021-03-13T12:27:10","guid":{"rendered":"http:\/\/l8.wil.pk.edu.pl\/?page_id=146"},"modified":"2021-03-13T13:27:10","modified_gmt":"2021-03-13T12:27:10","slug":"normy-i-wytyczne","status":"publish","type":"page","link":"https:\/\/l8.wil.pk.edu.pl\/?page_id=146","title":{"rendered":"Normy i wytyczne"},"content":{"rendered":"\n<ul class=\"wp-block-list\"><li>PN-B-02170:2016-12 \u201cOcena szkodliwo\u015bci drga\u0144 przekazywanych przez pod\u0142o\u017ce na budynki\u201d<\/li><li>PN-B-02171:2017-06 \u201eOcena wp\u0142ywu drga\u0144 na ludzi w budynkach\u201d<\/li><li>Opracowanie wytycznych, zasad uwzgl\u0119dniania wp\u0142ywu drga\u0144 na budynki i ludzi w nich przebywaj\u0105cych, oraz sposob\u00f3w obni\u017cania drga\u0144 dla PKP Polskie Linie Kolejowe S.A.<\/li><\/ul>\n\n\n\n<p><\/p>\n","protected":false},"excerpt":{"rendered":"<p>PN-B-02170:2016-12 \u201cOcena szkodliwo\u015bci drga\u0144 przekazywanych przez pod\u0142o\u017ce na budynki\u201d PN-B-02171:2017-06 \u201eOcena wp\u0142ywu drga\u0144 na ludzi w budynkach\u201d Opracowanie wytycznych, zasad uwzgl\u0119dniania wp\u0142ywu drga\u0144 na budynki i ludzi w nich przebywaj\u0105cych, oraz sposob\u00f3w obni\u017cania drga\u0144 dla PKP Polskie Linie Kolejowe S.A.<\/p>\n","protected":false},"author":1,"featured_media":0,"parent":0,"menu_order":0,"comment_status":"closed","ping_status":"closed","template":"","meta":{"footnotes":""},"class_list":["post-146","page","type-page","status-publish","hentry"],"_links":{"self":[{"href":"https:\/\/l8.wil.pk.edu.pl\/index.php?rest_route=\/wp\/v2\/pages\/146","targetHints":{"allow":["GET"]}}],"collection":[{"href":"https:\/\/l8.wil.pk.edu.pl\/index.php?rest_route=\/wp\/v2\/pages"}],"about":[{"href":"https:\/\/l8.wil.pk.edu.pl\/index.php?rest_route=\/wp\/v2\/types\/page"}],"author":[{"embeddable":true,"href":"https:\/\/l8.wil.pk.edu.pl\/index.php?rest_route=\/wp\/v2\/users\/1"}],"replies":[{"embeddable":true,"href":"https:\/\/l8.wil.pk.edu.pl\/index.php?rest_route=%2Fwp%2Fv2%2Fcomments&post=146"}],"version-history":[{"count":1,"href":"https:\/\/l8.wil.pk.edu.pl\/index.php?rest_route=\/wp\/v2\/pages\/146\/revisions"}],"predecessor-version":[{"id":147,"href":"https:\/\/l8.wil.pk.edu.pl\/index.php?rest_route=\/wp\/v2\/pages\/146\/revisions\/147"}],"wp:attachment":[{"href":"https:\/\/l8.wil.pk.edu.pl\/index.php?rest_route=%2Fwp%2Fv2%2Fmedia&parent=146"}],"curies":[{"name":"wp","href":"https:\/\/api.w.org\/{rel}","templated":true}]}}