{"id":116,"date":"2021-03-11T22:51:10","date_gmt":"2021-03-11T21:51:10","guid":{"rendered":"http:\/\/l8.wil.pk.edu.pl\/?page_id=116"},"modified":"2021-03-22T13:27:02","modified_gmt":"2021-03-22T12:27:02","slug":"projekty-zrealizowane","status":"publish","type":"page","link":"https:\/\/l8.wil.pk.edu.pl\/?page_id=116","title":{"rendered":"Projekty zrealizowane"},"content":{"rendered":"\n<ol class=\"wp-block-list\"><li>PB 2448\/B\/T02\/2009\/37; \u201eUog\u00f3lnione algorytmy optymalizacji w projektowaniu konstrukcji\u201d, Kierownik projektu: prof. dr hab. in\u017c. Leszek Mikulski,<\/li><li>PB 0714\/B\/T02\/2010\/38; \u201ePodatne z\u0142\u0105cza polimerowe w budownictwie \u2013 modelowe uj\u0119cie innowacyjnych rozwi\u0105za\u0144 dla potrzeb praktyki in\u017cynierskiej\u201d; Kierownik projektu: dr in\u017c. Arkadiusz Kwiecie\u0144, <\/li><li>Projekt badawczy uj\u0119ty w Programie Operacyjnym: Innowacyjna Gospodarka (POIG.01.01.02-10-106\/09-00) \u201eInnowacyjne \u015brodki i efektywne metody poprawy bezpiecze\u0144stwa i trwa\u0142o\u015bci obiekt\u00f3w budowlanych i infrastruktury transportowej w strategii zr\u00f3wnowa\u017conego rozwoju\u201d, temat 1.7 \u201eMetody oceny i zapewnienia wymaganego komfortu ludziom przebywaj\u0105cym w budynkach i nara\u017conym na wp\u0142yw drga\u0144\u201d (kierowany przez prof. Janusza Kaweckiego)<\/li><li> Grant NCN nr 2019\/33\/B\/ST10\/00518 Bezpo\u015brednie i d\u0142ugotrwa\u0142e efekty projekt\u00f3wrewitalizacji rzek w polskich Karpatach \u2013g\u0142\u00f3wny wykonawca \u2013prof. Artur Radecki \u2013Pawlik<\/li><li>Grant &#8222;Prace B+R nad opracowaniem systemu wczesnego wykrywania niepo\u017c\u0105danych trend\u00f3w w technologii pomiarowej dla bran\u017cy lotniczej&#8221;. Projekt realizowany w ramach: Urz\u0105d Marsza\u0142kowski<br>Wojew\u00f3dztwa Podkarpackiego, dzia\u0142anie 1.2 &#8222;Badania przemys\u0142owe, prace rozwojowe oraz ich wdro\u017cenia&#8221;, typ &#8222;Prace B+R&#8221; RPO WP na lata 2014-2020&#8243; \u2013 udzia\u0142 w projekcie dr in\u017c. A. Str\u0119k.<\/li><\/ol>\n","protected":false},"excerpt":{"rendered":"<p>PB 2448\/B\/T02\/2009\/37; \u201eUog\u00f3lnione algorytmy optymalizacji w projektowaniu konstrukcji\u201d, Kierownik projektu: prof. dr hab. in\u017c. Leszek Mikulski, PB 0714\/B\/T02\/2010\/38; \u201ePodatne z\u0142\u0105cza polimerowe w budownictwie \u2013 modelowe uj\u0119cie innowacyjnych rozwi\u0105za\u0144 dla potrzeb praktyki in\u017cynierskiej\u201d; Kierownik projektu: dr in\u017c. Arkadiusz Kwiecie\u0144, Projekt badawczy uj\u0119ty w Programie Operacyjnym: Innowacyjna Gospodarka (POIG.01.01.02-10-106\/09-00) \u201eInnowacyjne \u015brodki i efektywne metody poprawy bezpiecze\u0144stwa i &hellip; <\/p>\n<p class=\"link-more\"><a href=\"https:\/\/l8.wil.pk.edu.pl\/?page_id=116\" class=\"more-link\">Czytaj dalej<span class=\"screen-reader-text\"> \u201eProjekty zrealizowane\u201d<\/span><\/a><\/p>\n","protected":false},"author":1,"featured_media":0,"parent":0,"menu_order":0,"comment_status":"closed","ping_status":"closed","template":"","meta":{"footnotes":""},"class_list":["post-116","page","type-page","status-publish","hentry"],"_links":{"self":[{"href":"https:\/\/l8.wil.pk.edu.pl\/index.php?rest_route=\/wp\/v2\/pages\/116","targetHints":{"allow":["GET"]}}],"collection":[{"href":"https:\/\/l8.wil.pk.edu.pl\/index.php?rest_route=\/wp\/v2\/pages"}],"about":[{"href":"https:\/\/l8.wil.pk.edu.pl\/index.php?rest_route=\/wp\/v2\/types\/page"}],"author":[{"embeddable":true,"href":"https:\/\/l8.wil.pk.edu.pl\/index.php?rest_route=\/wp\/v2\/users\/1"}],"replies":[{"embeddable":true,"href":"https:\/\/l8.wil.pk.edu.pl\/index.php?rest_route=%2Fwp%2Fv2%2Fcomments&post=116"}],"version-history":[{"count":4,"href":"https:\/\/l8.wil.pk.edu.pl\/index.php?rest_route=\/wp\/v2\/pages\/116\/revisions"}],"predecessor-version":[{"id":236,"href":"https:\/\/l8.wil.pk.edu.pl\/index.php?rest_route=\/wp\/v2\/pages\/116\/revisions\/236"}],"wp:attachment":[{"href":"https:\/\/l8.wil.pk.edu.pl\/index.php?rest_route=%2Fwp%2Fv2%2Fmedia&parent=116"}],"curies":[{"name":"wp","href":"https:\/\/api.w.org\/{rel}","templated":true}]}}