{"id":114,"date":"2021-03-11T22:50:49","date_gmt":"2021-03-11T21:50:49","guid":{"rendered":"http:\/\/l8.wil.pk.edu.pl\/?page_id=114"},"modified":"2021-08-18T09:58:21","modified_gmt":"2021-08-18T07:58:21","slug":"projekty-w-realizacji","status":"publish","type":"page","link":"https:\/\/l8.wil.pk.edu.pl\/?page_id=114","title":{"rendered":"Projekty w realizacji"},"content":{"rendered":"\n<p>1. PB: POIR.04.01.02-00-0001\/17; \u201eInnowacyjna hybrydowa konstrukcja przegr\u00f3d wibroizolacyjnych do ochrony \u015brodowiska przed drganiami transportowymi i z podobnych \u017ar\u00f3de\u0142&#8221;; Kierownik projektu: od 06.2020 prof. dr hab. in\u017c. Tadeusz Tatara; do 05.2020 prof. dr hab. in\u017c. Krzysztof Stypu\u0142a<\/p>\n\n\n\n<figure class=\"wp-block-image size-large\"><img loading=\"lazy\" decoding=\"async\" width=\"3509\" height=\"4961\" src=\"http:\/\/l8.wil.pk.edu.pl\/wp-content\/uploads\/2021\/03\/Plakat1.jpg\" alt=\"\" class=\"wp-image-249\"\/><\/figure>\n\n\n\n<p>2. PB: POIR.04.01.02-00-0016\/17; \u201cNowatorska technologia izolacji wibroakustycznej pod\u0142\u00f3g\u201d; Kierownik projektu: dr hab. in\u017c. Alicja Kowalska \u2013 Koczwara, prof. PK<\/p>\n\n\n\n<figure class=\"wp-block-image size-large\"><img loading=\"lazy\" decoding=\"async\" width=\"3508\" height=\"4961\" src=\"http:\/\/l8.wil.pk.edu.pl\/wp-content\/uploads\/2021\/03\/Plakat2.jpg\" alt=\"\" class=\"wp-image-250\"\/><\/figure>\n\n\n\n<p>3. POWR.03.01.00-00-T071\/18; &#8222;Laboratorium Ma\u0142ego In\u017cyniera\u201d Kierownik projektu:        dr hab. in\u017c. Filip Pachla, prof. PK<\/p>\n\n\n\n<figure class=\"wp-block-image size-large\"><img loading=\"lazy\" decoding=\"async\" width=\"3508\" height=\"4961\" src=\"http:\/\/l8.wil.pk.edu.pl\/wp-content\/uploads\/2021\/03\/Plakat4.jpg\" alt=\"\" class=\"wp-image-251\"\/><\/figure>\n\n\n\n<p>4. H2020 Innovation Action MEZEROE &#8211; Measuring Envelope products and systems contributing to next generation of healthy nearly Zero Energy Buildings Project Number:\u00a0 953157 \u2013 kierownik z ramienia PK &#8211; prof. dr hab. in\u017c. A. Kwiecie\u0144<\/p>\n","protected":false},"excerpt":{"rendered":"<p>1. PB: POIR.04.01.02-00-0001\/17; \u201eInnowacyjna hybrydowa konstrukcja przegr\u00f3d wibroizolacyjnych do ochrony \u015brodowiska przed drganiami transportowymi i z podobnych \u017ar\u00f3de\u0142&#8221;; Kierownik projektu: od 06.2020 prof. dr hab. in\u017c. Tadeusz Tatara; do 05.2020 prof. dr hab. in\u017c. Krzysztof Stypu\u0142a 2. PB: POIR.04.01.02-00-0016\/17; \u201cNowatorska technologia izolacji wibroakustycznej pod\u0142\u00f3g\u201d; Kierownik projektu: dr hab. in\u017c. Alicja Kowalska \u2013 Koczwara, prof. PK &hellip; <\/p>\n<p class=\"link-more\"><a href=\"https:\/\/l8.wil.pk.edu.pl\/?page_id=114\" class=\"more-link\">Czytaj dalej<span class=\"screen-reader-text\"> \u201eProjekty w realizacji\u201d<\/span><\/a><\/p>\n","protected":false},"author":1,"featured_media":0,"parent":0,"menu_order":0,"comment_status":"closed","ping_status":"closed","template":"","meta":{"footnotes":""},"class_list":["post-114","page","type-page","status-publish","hentry"],"_links":{"self":[{"href":"https:\/\/l8.wil.pk.edu.pl\/index.php?rest_route=\/wp\/v2\/pages\/114","targetHints":{"allow":["GET"]}}],"collection":[{"href":"https:\/\/l8.wil.pk.edu.pl\/index.php?rest_route=\/wp\/v2\/pages"}],"about":[{"href":"https:\/\/l8.wil.pk.edu.pl\/index.php?rest_route=\/wp\/v2\/types\/page"}],"author":[{"embeddable":true,"href":"https:\/\/l8.wil.pk.edu.pl\/index.php?rest_route=\/wp\/v2\/users\/1"}],"replies":[{"embeddable":true,"href":"https:\/\/l8.wil.pk.edu.pl\/index.php?rest_route=%2Fwp%2Fv2%2Fcomments&post=114"}],"version-history":[{"count":10,"href":"https:\/\/l8.wil.pk.edu.pl\/index.php?rest_route=\/wp\/v2\/pages\/114\/revisions"}],"predecessor-version":[{"id":298,"href":"https:\/\/l8.wil.pk.edu.pl\/index.php?rest_route=\/wp\/v2\/pages\/114\/revisions\/298"}],"wp:attachment":[{"href":"https:\/\/l8.wil.pk.edu.pl\/index.php?rest_route=%2Fwp%2Fv2%2Fmedia&parent=114"}],"curies":[{"name":"wp","href":"https:\/\/api.w.org\/{rel}","templated":true}]}}