{"id":110,"date":"2021-03-11T22:46:52","date_gmt":"2021-03-11T21:46:52","guid":{"rendered":"http:\/\/l8.wil.pk.edu.pl\/?page_id=110"},"modified":"2021-03-11T22:47:22","modified_gmt":"2021-03-11T21:47:22","slug":"dzialalnosc","status":"publish","type":"page","link":"https:\/\/l8.wil.pk.edu.pl\/?page_id=110","title":{"rendered":"Dzia\u0142alno\u015b\u0107 B+R"},"content":{"rendered":"\n<p class=\"has-text-align-center has-medium-font-size\"><strong>Charakterystyka g\u0142\u00f3wnych kierunk\u00f3w prac naukowo-badawczych:<\/strong><\/p>\n\n\n\n<p class=\"has-text-align-center\"><strong>Prace badawcze prowadzone w Katedrze Mechaniki Budowli i Materia\u0142\u00f3w dotycz\u0105:<\/strong><\/p>\n\n\n\n<ul class=\"wp-block-list\"><li>optymalizacji konstrukcji in\u017cynierskich z uwzgl\u0119dnieniem nieliniowo\u015bci geometrycznej wraz zanaliz\u0105 wra\u017cliwo\u015bci,<\/li><li>optymalnego kszta\u0142towania (sterowania) w uk\u0142adach z parametrami roz\u0142o\u017conymi lub skupionymi wraz z analiz\u0105 wra\u017cliwo\u015bci, <\/li><li>nanomechaniki z modelowaniem wieloskalowym nanostruktur w\u0119gla w formalizmie MES, <\/li><li>mechaniki materia\u0142\u00f3w kom\u00f3rkowych, <\/li><li>dynamiki konstrukcji in\u017cynierskich z analiz\u0105 w\u0142a\u015bciwo\u015bci mechanicznych nowoczesnych konstrukcji in\u017cynierskich wzmacnianych nanomateria\u0142ami, <\/li><li>ochrony \u015brodowiska przed drganiami transportowymi i budowlanymi w tym ochrony obiekt\u00f3w zabytkowych, <\/li><li>bada\u0144 wp\u0142ywu wstrz\u0105s\u00f3w g\u00f3rniczychna budynki i ludzi w nich przebywaj\u0105cych oraz interakcji dynamicznej w warunkach wstrz\u0105s\u00f3w g\u00f3rniczych, wp\u0142ywu parametr\u00f3w wstrz\u0105s\u00f3w na to zjawisko,<\/li><li>modeli interakcji oraz interakcji budynku z pod\u0142o\u017cem,<\/li><li>modelowaniem numerycznym w in\u017cynierii l\u0105dowej, <\/li><li>wibroizolacji i poszukiwania optymalnej geometrii i rozwi\u0105za\u0144 materia\u0142owych dla przegr\u00f3d wibroizolacyjnych, <\/li><li>mechaniki materia\u0142\u00f3w anizotropowych, propagacji fal spr\u0119\u017cystych, materia\u0142\u00f3w kompozytowych i analizy DIC (Digital Image Correlation), <\/li><li>dynamiki konstrukcji in\u017cynierskich z analiz\u0105 w\u0142a\u015bciwo\u015bci mechanicznych nowoczesnych konstrukcji in\u017cynierskich wzmacnianych nanomateria\u0142ami, <\/li><li>bada\u0144 nad z\u0142\u0105czami podatnymi i ich zastosowa\u0144 w konstrukcjach, <\/li><li>okre\u015blanie odpowiedzi dynamicznej obiekt\u00f3w wielopodporowych na wymuszenie nier\u00f3wnomierne,<\/li><li>badania nad wp\u0142ywem drga\u0144, w tym komunikacyjnych, na ludzi w budynkach, w tym opracowanie kryteri\u00f3w dla pojedynczych zdarze\u0144 w metodzie VDV czy u\u015bci\u015blenie stosowalno\u015bci wska\u017anika WODL w odniesieniu do pory wyst\u0119powania drga\u0144 i kierunk\u00f3w odbioru drga\u0144 przezcz\u0142owieka, <\/li><li>prac nad stanem technicznym wybranych obiekt\u00f3w budownictwa wodnego.<\/li><\/ul>\n","protected":false},"excerpt":{"rendered":"<p>Charakterystyka g\u0142\u00f3wnych kierunk\u00f3w prac naukowo-badawczych: Prace badawcze prowadzone w Katedrze Mechaniki Budowli i Materia\u0142\u00f3w dotycz\u0105: optymalizacji konstrukcji in\u017cynierskich z uwzgl\u0119dnieniem nieliniowo\u015bci geometrycznej wraz zanaliz\u0105 wra\u017cliwo\u015bci, optymalnego kszta\u0142towania (sterowania) w uk\u0142adach z parametrami roz\u0142o\u017conymi lub skupionymi wraz z analiz\u0105 wra\u017cliwo\u015bci, nanomechaniki z modelowaniem wieloskalowym nanostruktur w\u0119gla w formalizmie MES, mechaniki materia\u0142\u00f3w kom\u00f3rkowych, dynamiki konstrukcji in\u017cynierskich z &hellip; <\/p>\n<p class=\"link-more\"><a href=\"https:\/\/l8.wil.pk.edu.pl\/?page_id=110\" class=\"more-link\">Czytaj dalej<span class=\"screen-reader-text\"> \u201eDzia\u0142alno\u015b\u0107 B+R\u201d<\/span><\/a><\/p>\n","protected":false},"author":1,"featured_media":0,"parent":0,"menu_order":0,"comment_status":"closed","ping_status":"closed","template":"","meta":{"footnotes":""},"class_list":["post-110","page","type-page","status-publish","hentry"],"_links":{"self":[{"href":"https:\/\/l8.wil.pk.edu.pl\/index.php?rest_route=\/wp\/v2\/pages\/110","targetHints":{"allow":["GET"]}}],"collection":[{"href":"https:\/\/l8.wil.pk.edu.pl\/index.php?rest_route=\/wp\/v2\/pages"}],"about":[{"href":"https:\/\/l8.wil.pk.edu.pl\/index.php?rest_route=\/wp\/v2\/types\/page"}],"author":[{"embeddable":true,"href":"https:\/\/l8.wil.pk.edu.pl\/index.php?rest_route=\/wp\/v2\/users\/1"}],"replies":[{"embeddable":true,"href":"https:\/\/l8.wil.pk.edu.pl\/index.php?rest_route=%2Fwp%2Fv2%2Fcomments&post=110"}],"version-history":[{"count":2,"href":"https:\/\/l8.wil.pk.edu.pl\/index.php?rest_route=\/wp\/v2\/pages\/110\/revisions"}],"predecessor-version":[{"id":112,"href":"https:\/\/l8.wil.pk.edu.pl\/index.php?rest_route=\/wp\/v2\/pages\/110\/revisions\/112"}],"wp:attachment":[{"href":"https:\/\/l8.wil.pk.edu.pl\/index.php?rest_route=%2Fwp%2Fv2%2Fmedia&parent=110"}],"curies":[{"name":"wp","href":"https:\/\/api.w.org\/{rel}","templated":true}]}}